{"id":12,"date":"2025-09-04T16:00:38","date_gmt":"2025-09-04T14:00:38","guid":{"rendered":"http:\/\/www.tv-essingen.de\/?page_id=12"},"modified":"2025-09-04T16:41:43","modified_gmt":"2025-09-04T14:41:43","slug":"handball","status":"publish","type":"page","link":"https:\/\/www.tv-essingen.de\/?page_id=12","title":{"rendered":"Handball"},"content":{"rendered":"<p><a href=\"https:\/\/www.tv-essingen.de\/wp-content\/uploads\/2025\/07\/IMG-20250716-WA0000.jpg\"><img loading=\"lazy\" decoding=\"async\" class=\"alignnone size-medium wp-image-2155\" src=\"https:\/\/www.tv-essingen.de\/wp-content\/uploads\/2025\/07\/IMG-20250716-WA0000-169x300.jpg\" alt=\"\" width=\"169\" height=\"300\" srcset=\"https:\/\/www.tv-essingen.de\/wp-content\/uploads\/2025\/07\/IMG-20250716-WA0000-169x300.jpg 169w, https:\/\/www.tv-essingen.de\/wp-content\/uploads\/2025\/07\/IMG-20250716-WA0000.jpg 432w\" sizes=\"auto, (max-width: 169px) 100vw, 169px\" \/><\/a><\/p>\n<p><strong>Ballschule Essingen<\/strong><\/p>\n<p>Info und Anmeldung unter andreas.m.baumann@web.de<\/p>\n<p>Freitag, 14.30 &#8211; 15.30 Uhr,\u00a0 Dalberghalle Essingen<\/p>\n<p>\u00dcbungsleiterinnen: Marie und Sarah<\/p>\n<p>______________________________________________________________________________<\/p>\n<p>Wir sind noch bis 30.06.2026 Mitglied in der Gesamtspielgemeinschaft HSG Landau-Land.<\/p>\n<p>Dadurch k\u00f6nnen Kinder und Jugendliche \u00fcber den TVE Handball spielen.<\/p>\n<hr \/>\n<p align=\"center\">\n<p align=\"center\">\n<p align=\"center\"><strong>M\u00e4dchen der ehemaligen Spielgemeinschaft WER \u2013 <\/strong><\/p>\n<p align=\"center\"><strong>Siegerinnen der Saison 2015\/2016<\/strong><\/p>\n<p>Grund zur Freude hatte die weibliche D-Jugend der Handballspielgemeinschaft Landau-Land bereits am 14. April nach dem drittletzten Spiel in der Runde. Durch eine sehr starke Leistung der M\u00e4dchen konnte schon schnell die Tabellenf\u00fchrung in der aktuellen Saison \u00fcbernommen und gehalten werden. Vor Saison-Ende konnte die Mannschaft mit Trainerin Maike Wagemann und Co-Trainierin Annika mit einem \u201eselbst gebauten\u201c Pokal ihre Leistung feiern. Das Foto zeigt die strahlenden Siegerinnen mit ihren Winner-Trikots. Der Mannschaft geh\u00f6ren 4 Essinger (Sonja Braun, Franziska Hausmann, Lea Schrader und Jannika Sonntag) und drei Walsheimer M\u00e4dchen (Lea L\u00f6bs, Meghelina Schwenken und Kira Schneider) aus der ehemaligen SG-Walsheim-Essingen-Rhodt dem starken Team an.<\/p>\n<p><a href=\"https:\/\/www.tv-essingen.de\/wp-content\/uploads\/2016\/04\/weibl.-D-Jugend-2015-16.jpg\"><img loading=\"lazy\" decoding=\"async\" src=\"https:\/\/www.tv-essingen.de\/wp-content\/uploads\/2016\/04\/weibl.-D-Jugend-2015-16-300x225.jpg\" alt=\"weibl. D-Jugend 2015-16\" width=\"300\" height=\"225\" \/><\/a><\/p>\n<p>Der TVE gratuliert herzlich zu dem Erfolg. Weiter so!<\/p>\n","protected":false},"excerpt":{"rendered":"<p>Ballschule Essingen Info und Anmeldung unter andreas.m.baumann@web.de Freitag, 14.30 &#8211; 15.30 Uhr,\u00a0 Dalberghalle Essingen \u00dcbungsleiterinnen: Marie und Sarah ______________________________________________________________________________ Wir sind noch bis 30.06.2026 Mitglied in der Gesamtspielgemeinschaft HSG Landau-Land. Dadurch k\u00f6nnen Kinder und Jugendliche \u00fcber den TVE Handball spielen. M\u00e4dchen der ehemaligen Spielgemeinschaft WER \u2013 Siegerinnen der Saison 2015\/2016 Grund zur Freude hatte die <span class=\"ellipsis\">&hellip;<\/span> <span class=\"more-link-wrap\"><a href=\"https:\/\/www.tv-essingen.de\/?page_id=12\" class=\"more-link\"><span>Read More &rarr;<\/span><\/a><\/span><\/p>\n","protected":false},"author":1,"featured_media":0,"parent":0,"menu_order":0,"comment_status":"closed","ping_status":"closed","template":"","meta":{"footnotes":""},"class_list":["post-12","page","type-page","status-publish","hentry"],"_links":{"self":[{"href":"https:\/\/www.tv-essingen.de\/index.php?rest_route=\/wp\/v2\/pages\/12","targetHints":{"allow":["GET"]}}],"collection":[{"href":"https:\/\/www.tv-essingen.de\/index.php?rest_route=\/wp\/v2\/pages"}],"about":[{"href":"https:\/\/www.tv-essingen.de\/index.php?rest_route=\/wp\/v2\/types\/page"}],"author":[{"embeddable":true,"href":"https:\/\/www.tv-essingen.de\/index.php?rest_route=\/wp\/v2\/users\/1"}],"replies":[{"embeddable":true,"href":"https:\/\/www.tv-essingen.de\/index.php?rest_route=%2Fwp%2Fv2%2Fcomments&post=12"}],"version-history":[{"count":18,"href":"https:\/\/www.tv-essingen.de\/index.php?rest_route=\/wp\/v2\/pages\/12\/revisions"}],"predecessor-version":[{"id":2183,"href":"https:\/\/www.tv-essingen.de\/index.php?rest_route=\/wp\/v2\/pages\/12\/revisions\/2183"}],"wp:attachment":[{"href":"https:\/\/www.tv-essingen.de\/index.php?rest_route=%2Fwp%2Fv2%2Fmedia&parent=12"}],"curies":[{"name":"wp","href":"https:\/\/api.w.org\/{rel}","templated":true}]}}