{"id":15,"date":"2018-12-09T16:00:13","date_gmt":"2018-12-09T14:00:13","guid":{"rendered":"http:\/\/www.tv-essingen.de\/?page_id=15"},"modified":"2018-12-09T17:21:12","modified_gmt":"2018-12-09T15:21:12","slug":"igf","status":"publish","type":"page","link":"https:\/\/www.tv-essingen.de\/?page_id=15","title":{"rendered":"IGF"},"content":{"rendered":"<p style=\"text-align: left;\" align=\"center\">Trainingszeit: Mittwochs 19:30 &#8211; 22:00 Uhr<\/p>\n<p style=\"text-align: left;\" align=\"CENTER\">Ort: Dalberghalle Essingen<\/p>\n<p style=\"text-align: left;\" align=\"CENTER\"><span style=\"font-family: Comic Sans MS,cursive;\"><span style=\"font-size: x-large;\">IGF<\/span><\/span> steht f\u00fcr <strong>I<\/strong>nteressen<strong>g<\/strong>emeinschaft<strong> F<\/strong>reizeitsport. Sie ist gemeinsam vom Fu\u00dfballverein VfL und vom TVE getragen, d.h teilnehmen k\u00f6nnen Mitglieder beider Vereine. Das Angebot richtet sich an Erwachsene und Jugendliche ab 16 Jahren.<\/p>\n<p style=\"text-align: left;\" align=\"CENTER\">Zur Zeit findet von 19:30 bis 20:30 Uhr eine Stunde\u00a0 Gymnastik statt und anschlie\u00dfend spielen wir bis 22:00 Uhr Volleyball. Wer nur Volleyball spielen m\u00f6chte, kommt entsprechend sp\u00e4ter vorbei.<\/p>\n<p style=\"text-align: left;\" align=\"CENTER\">Wenn es sich gerade ergibt, nehmen wir an Freizeitturnieren teil.<\/p>\n<p style=\"text-align: left;\" align=\"CENTER\">Wir freuen uns jeder Zeit \u00fcber neue Mitspieler.Bei Interesse, einfach mittwochs vorbei schauen oder \u00fcber <a href=\"mailto:kontakt@tv-essingen.de\">kontakt@tv-essingen.de<\/a><\/p>\n<p>eine Nachricht an uns schreiben.<\/p>\n<p>&nbsp;<\/p>\n<p>&nbsp;<\/p>\n","protected":false},"excerpt":{"rendered":"<p>Trainingszeit: Mittwochs 19:30 &#8211; 22:00 Uhr Ort: Dalberghalle Essingen IGF steht f\u00fcr Interessengemeinschaft Freizeitsport. Sie ist gemeinsam vom Fu\u00dfballverein VfL und vom TVE getragen, d.h teilnehmen k\u00f6nnen Mitglieder beider Vereine. Das Angebot richtet sich an Erwachsene und Jugendliche ab 16 Jahren. Zur Zeit findet von 19:30 bis 20:30 Uhr eine Stunde\u00a0 Gymnastik statt und anschlie\u00dfend <span class=\"ellipsis\">&hellip;<\/span> <span class=\"more-link-wrap\"><a href=\"https:\/\/www.tv-essingen.de\/?page_id=15\" class=\"more-link\"><span>Read More &rarr;<\/span><\/a><\/span><\/p>\n","protected":false},"author":1,"featured_media":0,"parent":0,"menu_order":0,"comment_status":"closed","ping_status":"closed","template":"","meta":{"footnotes":""},"class_list":["post-15","page","type-page","status-publish","hentry"],"_links":{"self":[{"href":"https:\/\/www.tv-essingen.de\/index.php?rest_route=\/wp\/v2\/pages\/15","targetHints":{"allow":["GET"]}}],"collection":[{"href":"https:\/\/www.tv-essingen.de\/index.php?rest_route=\/wp\/v2\/pages"}],"about":[{"href":"https:\/\/www.tv-essingen.de\/index.php?rest_route=\/wp\/v2\/types\/page"}],"author":[{"embeddable":true,"href":"https:\/\/www.tv-essingen.de\/index.php?rest_route=\/wp\/v2\/users\/1"}],"replies":[{"embeddable":true,"href":"https:\/\/www.tv-essingen.de\/index.php?rest_route=%2Fwp%2Fv2%2Fcomments&post=15"}],"version-history":[{"count":15,"href":"https:\/\/www.tv-essingen.de\/index.php?rest_route=\/wp\/v2\/pages\/15\/revisions"}],"predecessor-version":[{"id":1372,"href":"https:\/\/www.tv-essingen.de\/index.php?rest_route=\/wp\/v2\/pages\/15\/revisions\/1372"}],"wp:attachment":[{"href":"https:\/\/www.tv-essingen.de\/index.php?rest_route=%2Fwp%2Fv2%2Fmedia&parent=15"}],"curies":[{"name":"wp","href":"https:\/\/api.w.org\/{rel}","templated":true}]}}