{"id":16,"date":"2024-10-27T14:00:33","date_gmt":"2024-10-27T12:00:33","guid":{"rendered":"http:\/\/www.tv-essingen.de\/?page_id=16"},"modified":"2024-10-27T15:16:53","modified_gmt":"2024-10-27T13:16:53","slug":"igf-fahrt","status":"publish","type":"page","link":"https:\/\/www.tv-essingen.de\/?page_id=16","title":{"rendered":"IGF Fahrt"},"content":{"rendered":"<p style=\"text-align: center;\"><strong>IGF-Wochenende vom 20.-22.09.24<\/strong><\/p>\n<p>Das war eine sch\u00f6ne Tour, die die IGF durchgef\u00fchrt hat!<\/p>\n<p>Am Freitagnachmittag war Abfahrt nach Bad Kreuznach, Check-in in der Jugendherberge, Abendessen, gem\u00fctliches Beisammensein.<\/p>\n<p>Samstags war bei sch\u00f6nstem Wetter wandern angesagt. Steil bergauf durch den Wald (mit einer schwer verdienten Brotzeit zwischendurch) ging es zum Rotenfels mit dem Aussichtspunkt Bastei, und weiter zum Teehaus, mit beeindruckenden Ausblicken, bevor wir uns auf den R\u00fcckweg zur Jugendherberge machten.<\/p>\n<p>Sonntagvormittags erwartete uns eine sehr interessante Stadtf\u00fchrung durch Bad Kreuznach und als Abschluss ein sp\u00e4tes aber leckeres Mittagessen im Brauwerk.<\/p>\n<p>Vielen Dank an Ingrid f\u00fcr die Organisation und an das Vortour-Team, das die sch\u00f6ne Wanderstrecke ausgesucht hat.<\/p>\n<p><a href=\"https:\/\/www.tv-essingen.de\/wp-content\/uploads\/2024\/09\/20240923_165355-scaled.jpg\"><img loading=\"lazy\" decoding=\"async\" class=\"alignnone size-medium wp-image-1994\" src=\"https:\/\/www.tv-essingen.de\/wp-content\/uploads\/2024\/09\/20240923_165355-300x300.jpg\" alt=\"\" width=\"300\" height=\"300\" srcset=\"https:\/\/www.tv-essingen.de\/wp-content\/uploads\/2024\/09\/20240923_165355-300x300.jpg 300w, https:\/\/www.tv-essingen.de\/wp-content\/uploads\/2024\/09\/20240923_165355-1024x1024.jpg 1024w, https:\/\/www.tv-essingen.de\/wp-content\/uploads\/2024\/09\/20240923_165355-150x150.jpg 150w, https:\/\/www.tv-essingen.de\/wp-content\/uploads\/2024\/09\/20240923_165355-768x768.jpg 768w, https:\/\/www.tv-essingen.de\/wp-content\/uploads\/2024\/09\/20240923_165355-1536x1536.jpg 1536w, https:\/\/www.tv-essingen.de\/wp-content\/uploads\/2024\/09\/20240923_165355-2048x2048.jpg 2048w\" sizes=\"auto, (max-width: 300px) 100vw, 300px\" \/><\/a><a href=\"https:\/\/www.tv-essingen.de\/wp-content\/uploads\/2024\/09\/20240923_170412-scaled.jpg\"><img loading=\"lazy\" decoding=\"async\" class=\"alignnone size-medium wp-image-1993\" src=\"https:\/\/www.tv-essingen.de\/wp-content\/uploads\/2024\/09\/20240923_170412-300x300.jpg\" alt=\"\" width=\"300\" height=\"300\" srcset=\"https:\/\/www.tv-essingen.de\/wp-content\/uploads\/2024\/09\/20240923_170412-300x300.jpg 300w, https:\/\/www.tv-essingen.de\/wp-content\/uploads\/2024\/09\/20240923_170412-1024x1024.jpg 1024w, https:\/\/www.tv-essingen.de\/wp-content\/uploads\/2024\/09\/20240923_170412-150x150.jpg 150w, https:\/\/www.tv-essingen.de\/wp-content\/uploads\/2024\/09\/20240923_170412-768x768.jpg 768w, https:\/\/www.tv-essingen.de\/wp-content\/uploads\/2024\/09\/20240923_170412-1536x1536.jpg 1536w, https:\/\/www.tv-essingen.de\/wp-content\/uploads\/2024\/09\/20240923_170412-2048x2048.jpg 2048w\" sizes=\"auto, (max-width: 300px) 100vw, 300px\" \/><\/a><\/p>\n<p style=\"text-align: left;\" align=\"center\">_______________________________________________________________________________<\/p>\n<p align=\"center\"><strong>IGF-Wochenende 2017<\/strong><\/p>\n<p>Das IGF-Wochenende fand in diesem Jahr vom 8.-10. September statt.<\/p>\n<p>Per Rad (+ VW-Bus mit dem Gep\u00e4ck) ging es Freitag nachmittags bei kr\u00e4ftigem Gegenwind, daf\u00fcr aber mit Sonnenschein, zur Jugendherberge in Bad Bergzabern.<\/p>\n<p>Samstags war Wandern angesagt, unter anderem \u00fcber den Westwallweg mit vielen Informationstafeln und \u00fcber den bezaubernden Waldgeisterpfad in Oberotterbach.<\/p>\n<p>Sonntags wurde dann nach einem Besuch im Westwallmuseum mit F\u00fchrung durch die Bunkeranlage, wieder zur\u00fcckgeradelt. Zwischenstopps im Naturfreundehaus in Kandel und zur Kaffeezeit in Herxheim sorgten f\u00fcr einen sch\u00f6nen Abschluss, da es auch der Wettergott gut mit uns meinte. F\u00fcr die gute Organisation und den reibungslosen Ablauf sorgte Ingrid, die Wanderung f\u00fchrten Martina und Gernot. Ihnen einen herzlichen Dank. Im n\u00e4chsten Jahr soll es eventuell nach Bad D\u00fcrkheim gehen.<\/p>\n<p><a href=\"https:\/\/www.tv-essingen.de\/wp-content\/uploads\/2017\/09\/IGF-Wanderung-2017.jpg\"><img loading=\"lazy\" decoding=\"async\" src=\"https:\/\/www.tv-essingen.de\/wp-content\/uploads\/2017\/09\/IGF-Wanderung-2017.jpg\" alt=\"IGF-Wanderung 2017\" width=\"240\" height=\"135\" \/><\/a><a href=\"https:\/\/www.tv-essingen.de\/wp-content\/uploads\/2017\/09\/IGF-Wanderung-3.jpg\"><img loading=\"lazy\" decoding=\"async\" src=\"https:\/\/www.tv-essingen.de\/wp-content\/uploads\/2017\/09\/IGF-Wanderung-3.jpg\" alt=\"IGF-Wanderung 3\" width=\"240\" height=\"135\" \/><\/a><\/p>\n<p>&#8212;&#8212;&#8212;&#8212;&#8212;&#8212;&#8212;&#8212;&#8212;&#8212;&#8212;&#8212;&#8212;&#8212;&#8212;&#8212;&#8212;&#8212;&#8212;&#8212;&#8212;&#8212;&#8212;&#8212;&#8212;&#8212;&#8212;&#8212;&#8212;&#8212;&#8212;&#8212;&#8212;&#8212;&#8212;&#8212;&#8212;&#8212;&#8212;&#8211;<\/p>\n<p>In den letzten Jahren hat sich im Herbst eine Fahrt \u00fcbers Wochenende mit den Angeh\u00f6rigen und Familien etabliert.<\/p>\n<p>Bisher haben wir Ziele in der n\u00e4heren Umgebung ausgew\u00e4hlt, sodass auch immer ein Teil der Gruppe mit dem Fahrrad an- und abreisen konnte.<\/p>\n<p>Chronik:<\/p>\n<p>2010: Jugendherberge Altleiningen<\/p>\n<p>2011: Jugendherberge Bad Bergzabern<\/p>\n<p>2012: Radwanderheim Dahn<\/p>\n<p>2013: Martin Butzer Haus Bad D\u00fcrkheim<\/p>\n<p>2014: Radwanderheim Dahn<\/p>\n<p>2015: 11. bis 13.09. Walderlebniszentrum Soonwald<\/p>\n<p>2016: Heidelberg<\/p>\n<p>2017: Jugendherberge Bad Bergzabern<\/p>\n","protected":false},"excerpt":{"rendered":"<p>IGF-Wochenende vom 20.-22.09.24 Das war eine sch\u00f6ne Tour, die die IGF durchgef\u00fchrt hat! Am Freitagnachmittag war Abfahrt nach Bad Kreuznach, Check-in in der Jugendherberge, Abendessen, gem\u00fctliches Beisammensein. Samstags war bei sch\u00f6nstem Wetter wandern angesagt. Steil bergauf durch den Wald (mit einer schwer verdienten Brotzeit zwischendurch) ging es zum Rotenfels mit dem Aussichtspunkt Bastei, und weiter <span class=\"ellipsis\">&hellip;<\/span> <span class=\"more-link-wrap\"><a href=\"https:\/\/www.tv-essingen.de\/?page_id=16\" class=\"more-link\"><span>Read More &rarr;<\/span><\/a><\/span><\/p>\n","protected":false},"author":1,"featured_media":0,"parent":15,"menu_order":0,"comment_status":"closed","ping_status":"closed","template":"","meta":{"footnotes":""},"class_list":["post-16","page","type-page","status-publish","hentry"],"_links":{"self":[{"href":"https:\/\/www.tv-essingen.de\/index.php?rest_route=\/wp\/v2\/pages\/16","targetHints":{"allow":["GET"]}}],"collection":[{"href":"https:\/\/www.tv-essingen.de\/index.php?rest_route=\/wp\/v2\/pages"}],"about":[{"href":"https:\/\/www.tv-essingen.de\/index.php?rest_route=\/wp\/v2\/types\/page"}],"author":[{"embeddable":true,"href":"https:\/\/www.tv-essingen.de\/index.php?rest_route=\/wp\/v2\/users\/1"}],"replies":[{"embeddable":true,"href":"https:\/\/www.tv-essingen.de\/index.php?rest_route=%2Fwp%2Fv2%2Fcomments&post=16"}],"version-history":[{"count":13,"href":"https:\/\/www.tv-essingen.de\/index.php?rest_route=\/wp\/v2\/pages\/16\/revisions"}],"predecessor-version":[{"id":2005,"href":"https:\/\/www.tv-essingen.de\/index.php?rest_route=\/wp\/v2\/pages\/16\/revisions\/2005"}],"up":[{"embeddable":true,"href":"https:\/\/www.tv-essingen.de\/index.php?rest_route=\/wp\/v2\/pages\/15"}],"wp:attachment":[{"href":"https:\/\/www.tv-essingen.de\/index.php?rest_route=%2Fwp%2Fv2%2Fmedia&parent=16"}],"curies":[{"name":"wp","href":"https:\/\/api.w.org\/{rel}","templated":true}]}}