{"id":18,"date":"2025-10-12T16:00:56","date_gmt":"2025-10-12T14:00:56","guid":{"rendered":"http:\/\/www.tv-essingen.de\/?page_id=18"},"modified":"2025-10-12T16:51:56","modified_gmt":"2025-10-12T14:51:56","slug":"kinderturnen","status":"publish","type":"page","link":"https:\/\/www.tv-essingen.de\/?page_id=18","title":{"rendered":"Kinderturnen"},"content":{"rendered":"<p align=\"center\"><strong>Kinderturnen\u00a0<\/strong><\/p>\n<p align=\"center\">Die aktuellen Zeiten und Gruppen, Stand Oktober 2025<\/p>\n<p align=\"center\">Alle Turnstunden finden in der Dalberghalle statt.<\/p>\n<p><b>\u00a0<\/b><\/p>\n<p><strong><span style=\"color: #000000; font-size: medium;\">Eltern-Kind-Turnen:\u00a0<\/span><\/strong><\/p>\n<p><span style=\"color: #000000; font-size: medium;\">Mittwoch, 15.00 &#8211; 16.00 Uhr und 16.00 &#8211; 17.00 Uhr, mit Christiane und Bianca<\/span><\/p>\n<p><strong><span style=\"color: #000000; font-size: medium;\">Kindergartenkinder:<\/span><\/strong><\/p>\n<p><span style=\"color: #000000; font-size: medium;\">1 &#8211; Dienstag, 16.00-17.00 Uhr, mit Dorothee, Vera, Anna<\/span><\/p>\n<p><span style=\"color: #000000; font-size: medium;\">2 &#8211; Dienstag, 17.00-18.00 Uhr, mit Dorothee, Vera, Anna<\/span><\/p>\n<p>3 1\/2-5j\u00e4hrige, die Kinder k\u00f6nnen alleine gebracht werden, oder auch, wie in den Eltern-Kind-Gruppen, mit einem Elternteil kommen<\/p>\n<p><span style=\"color: #000000; font-size: medium;\">(Infos \u00fcber Aushang im Kindergarten)<\/span><\/p>\n<p><strong><span style=\"color: #000000; font-size: medium;\">Schulkinder:<\/span><\/strong><\/p>\n<p><span style=\"color: #000000; font-size: medium;\">Montag, 15.45-16.45 Uhr, mit Petra<\/span><\/p>\n<p>_______________________________________________________________________________<\/p>\n<p style=\"text-align: left;\"><strong>TVE-Nikolaus 2024<\/strong><\/p>\n<p>Ca. 60 Kinder mit Eltern und auch Gro\u00dfeltern wanderten vom Rathausplatz aus zu einem sch\u00f6nen Pl\u00e4tzchen im Essinger Feld. Hier warteten schon die Helfer mit warmen Getr\u00e4nken und Brezeln und vor allem mit einer Feuerstelle, um die im Kreis B\u00e4nke aufgestellt waren.<\/p>\n<p>Die Kinder sangen den Nikolaus herbei, der pl\u00f6tzlich mit dem Bollerwagen, auf dem der gro\u00dfe Sack voller Geschenke lag, aus den Weinbergen erschien. Er nahm auf einer der B\u00e4nke Platz und rief jedes Kind zu sich, um ihm mit ein paar netten Worten sein Geschenk zu \u00fcberreichen.<\/p>\n<p>Den Nikolaus so im freien Feld, im Dunkeln, nur bei Feuerschein und Laternenlicht, zu treffen \u2013 das ist schon ein besonderes Erlebnis! Wir freuen uns, dass es allen gefallen hat, uns Veranstaltern vom TVE hat es auch wieder viel Spa\u00df gemacht!<\/p>\n<p>_____________________________________________________________________________<\/p>\n<p><strong>TVE-Nikolauswanderung 2023<\/strong><\/p>\n<p>Da war ganz sch\u00f6n was los! Vom Startpunkt am Rathausplatz aus wanderten ca. 60 Kinder gemeinsam mit Eltern und auch Gro\u00dfeltern durch die Essinger Weinberge. An einem sch\u00f6nen Pl\u00e4tzchen standen die Helfer vom TVE mit hei\u00dfen Getr\u00e4nken und Brezeln bereit, um mit ihnen auf den Nikolaus zu warten. Der kam mit einem Bollerwagen voller Geschenke an, die die Kinder am Lagerfeuer in Empfang nehmen durften.<\/p>\n<p>Wir haben ganz viel positive Resonanz f\u00fcr diese Aktion erfahren, und auch uns vom TVE hat es viel Spa\u00df gemacht. Wir freuen uns schon auf Nikolaus 2024!<\/p>\n<hr \/>\n<p><strong>Nikolauswanderung am 06.12.2022<\/strong><\/p>\n<p>Endlich wieder eine Nikolauswanderung! Und dann passte auch noch das Wetter.<\/p>\n<p>Mehr als 40 Kinder wanderten am Nikolausabend zusammen mit ihren Eltern durchs Essinger Feld zu einem netten Pl\u00e4tzchen, wo die Helfer des TVE mit hei\u00dfen Getr\u00e4nken und Brezeln auf sie warteten.<\/p>\n<p>Hier sangen die Kinder den Nikolaus herbei, der sich auf einer Bank am Lagerfeuer niederlie\u00df und jedem Kind mit ein paar freundlichen Worten sein Geschenk \u00fcberreichte.<\/p>\n<p>Den Kindern und Eltern hat der Abend gefallen, und auch wir TVE-Helfer hatten viel Freude daran!<\/p>\n<p>&#8212;&#8212;&#8212;&#8212;&#8212;&#8212;&#8212;&#8212;&#8212;&#8212;&#8212;&#8212;&#8212;&#8212;&#8212;&#8212;&#8212;&#8212;&#8212;&#8212;&#8212;&#8212;&#8212;&#8212;&#8212;&#8212;&#8212;&#8212;&#8212;&#8212;&#8212;&#8212;&#8212;&#8212;&#8212;&#8212;&#8212;-<\/p>\n<p><strong>TVE-Nikolauswanderung 2019<\/strong><\/p>\n<p>Das war eine Veranstaltung, die richtig Freude bereitet hat. 40 Kinder mit Eltern, Gro\u00dfeltern, wanderten zusammen durch die Essinger Weinberge zu der kleinen Streuobstwiese, auf der wir alles f\u00fcr das Treffen mit dem Nikolaus vorbereitet hatten. Hier warteten sie auf den im Halbkreis ums Feuer aufgestellten B\u00e4nken, bis der Nikolaus mit seinem Bollerwagen voller Geschenke aus der Dunkelheit auftauchte und jedes Kind zu sich rief. Als die Geschenke verteilt waren, st\u00e4rkten sich alle noch mit hei\u00dfen Getr\u00e4nken und Brezeln, bevor es wieder nach Hause ging.<\/p>\n<p>Eltern und Kindern hat es gut gefallen und wir Organisatoren vom TVE hatten viel Spa\u00df an der Aktion. Vielen Dank an den Nikolaus, wir freuen uns schon auf n\u00e4chstes Jahr!<\/p>\n<p>&#8212;&#8212;&#8212;&#8212;&#8212;&#8212;&#8212;&#8212;&#8212;&#8212;&#8212;&#8212;&#8212;&#8212;&#8212;&#8212;&#8212;&#8212;&#8212;&#8212;&#8212;&#8212;&#8212;&#8212;&#8212;&#8212;&#8212;&#8212;&#8212;&#8212;&#8212;&#8212;&#8212;&#8212;&#8212;&#8212;<\/p>\n<p><!-- x-tinymce\/html --><\/p>\n<p><strong>Grillfest der TVE-Familien am 15.09.19<\/strong><\/p>\n<p>Nette Leute, tolles Wetter, die Kinder hatten ihren Spa\u00df mit den Ger\u00e4ten aus dem Spielmobil, zum Essen gab es leckere Salate zum Gegrillten und anschlie\u00dfend Kaffee, Kuchen und Waffeln.<\/p>\n<p>Der Nachmittag hat uns vom TVE-Team viel Spa\u00df gemacht, wir hoffen, unseren G\u00e4sten ging es ebenso. Vielen Dank auch an den VfL, dessen Gel\u00e4nde wir benutzen konnten, und an alle, die zum Gelingen beigetragen haben.<\/p>\n<p><a href=\"https:\/\/www.tv-essingen.de\/wp-content\/uploads\/2019\/09\/IMG_20190915_145114.jpg\"><img loading=\"lazy\" decoding=\"async\" class=\"size-medium wp-image-1520\" src=\"https:\/\/www.tv-essingen.de\/wp-content\/uploads\/2019\/09\/IMG_20190915_145114-300x300.jpg\" alt=\"\" width=\"300\" height=\"300\" srcset=\"https:\/\/www.tv-essingen.de\/wp-content\/uploads\/2019\/09\/IMG_20190915_145114-300x300.jpg 300w, https:\/\/www.tv-essingen.de\/wp-content\/uploads\/2019\/09\/IMG_20190915_145114-150x150.jpg 150w, https:\/\/www.tv-essingen.de\/wp-content\/uploads\/2019\/09\/IMG_20190915_145114-768x768.jpg 768w, https:\/\/www.tv-essingen.de\/wp-content\/uploads\/2019\/09\/IMG_20190915_145114-1024x1024.jpg 1024w\" sizes=\"auto, (max-width: 300px) 100vw, 300px\" \/><\/a><\/p>\n<p><a href=\"https:\/\/www.tv-essingen.de\/wp-content\/uploads\/2019\/09\/IMG_20190915_165243.jpg\"><img loading=\"lazy\" decoding=\"async\" class=\"size-medium wp-image-1521\" src=\"https:\/\/www.tv-essingen.de\/wp-content\/uploads\/2019\/09\/IMG_20190915_165243-300x300.jpg\" alt=\"\" width=\"300\" height=\"300\" srcset=\"https:\/\/www.tv-essingen.de\/wp-content\/uploads\/2019\/09\/IMG_20190915_165243-300x300.jpg 300w, https:\/\/www.tv-essingen.de\/wp-content\/uploads\/2019\/09\/IMG_20190915_165243-150x150.jpg 150w, https:\/\/www.tv-essingen.de\/wp-content\/uploads\/2019\/09\/IMG_20190915_165243-768x768.jpg 768w, https:\/\/www.tv-essingen.de\/wp-content\/uploads\/2019\/09\/IMG_20190915_165243-1024x1024.jpg 1024w\" sizes=\"auto, (max-width: 300px) 100vw, 300px\" \/><\/a><\/p>\n<p style=\"text-align: center;\"><strong>Nikolauswanderung am 06.12.18<\/strong><\/p>\n<p>Gro\u00dfen Zuspruch fand unsere Nikolauswanderung, \u00fcber 30 Kinder wanderten mit ihren Eltern oder Gro\u00dfeltern gemeinsam zum Treffpunkt, um dort den eigens vom TVE bestellten Nikolaus zu treffen. Was f\u00fcr ein wundersch\u00f6nes, von der Eh-da-Initiative im Sommer hergerichtetes Pl\u00e4tzchen, konnten wir da nutzen! Und Gl\u00fcck mit dem Wetter hatten wir auch noch. Der Nikolaus und seine Helfer hatten viel Spa\u00df an der Aktion, und die Kinder offensichtlich auch.<\/p>\n<p>Vielen Dank an alle Helfer, n\u00e4chstes Jahr kommt der Nikolaus bestimmt gerne wieder zum TVE.<\/p>\n<p><a href=\"https:\/\/www.tv-essingen.de\/wp-content\/uploads\/2018\/12\/DSCN0700.jpg\"><img loading=\"lazy\" decoding=\"async\" class=\"alignnone size-medium wp-image-1390\" src=\"https:\/\/www.tv-essingen.de\/wp-content\/uploads\/2018\/12\/DSCN0700-300x225.jpg\" alt=\"\" width=\"300\" height=\"225\" srcset=\"https:\/\/www.tv-essingen.de\/wp-content\/uploads\/2018\/12\/DSCN0700-300x225.jpg 300w, https:\/\/www.tv-essingen.de\/wp-content\/uploads\/2018\/12\/DSCN0700-768x576.jpg 768w, https:\/\/www.tv-essingen.de\/wp-content\/uploads\/2018\/12\/DSCN0700-1024x768.jpg 1024w, https:\/\/www.tv-essingen.de\/wp-content\/uploads\/2018\/12\/DSCN0700.jpg 1600w\" sizes=\"auto, (max-width: 300px) 100vw, 300px\" \/>\u00a0<\/a><a href=\"https:\/\/www.tv-essingen.de\/wp-content\/uploads\/2018\/12\/DSCN0743.jpg\"><img loading=\"lazy\" decoding=\"async\" class=\"alignnone size-medium wp-image-1391\" src=\"https:\/\/www.tv-essingen.de\/wp-content\/uploads\/2018\/12\/DSCN0743-300x225.jpg\" alt=\"\" width=\"300\" height=\"225\" srcset=\"https:\/\/www.tv-essingen.de\/wp-content\/uploads\/2018\/12\/DSCN0743-300x225.jpg 300w, https:\/\/www.tv-essingen.de\/wp-content\/uploads\/2018\/12\/DSCN0743-768x576.jpg 768w, https:\/\/www.tv-essingen.de\/wp-content\/uploads\/2018\/12\/DSCN0743-1024x768.jpg 1024w, https:\/\/www.tv-essingen.de\/wp-content\/uploads\/2018\/12\/DSCN0743.jpg 1600w\" sizes=\"auto, (max-width: 300px) 100vw, 300px\" \/><\/a><\/p>\n<p align=\"center\"><strong>TVE-Nikolauswanderung 2017<\/strong><\/p>\n<p>Etwa 12 Familien wanderten am Nikolausabend durch den Essinger Wald zum Treffpunkt, an dem das TVE-Team mit Gl\u00fchwein, Kinderpunsch und Brezeln auf sie wartete. Nach einer kleinen St\u00e4rkung \u201csangen\u201d die Kinder den Nikolaus herbei, der mit einem Bollerwagen seinen gro\u00dfen Sack in die Mitte der Kinder schaffte. Jedes Kind durfte dann bei ihm auf der Bank Platz nehmen, um sein Geschenk in Empfang zu nehmen.<\/p>\n<p>Wir Organisatoren hatten viel Freude an der Veranstaltung und hoffen, dass es auch den Eltern \u2013 und vor allem den Kindern \u2013 gut gefallen hat.<\/p>\n<p>Wir bedanken uns bei allen, die zum Gelingen des Abends beigetragen haben und freuen uns auf n\u00e4chstes Jahr!<\/p>\n<p align=\"center\"><strong>Grillfest am 3. September 2017<\/strong><\/p>\n<p>Beim Grillfest mit den Familien unserer Turnkinder auf dem Bouleplatz hatten sowohl die Kinder als auch die Erwachsenen ihr Vergn\u00fcgen. Wir vom Ausschuss freuten uns, einige unserer j\u00fcngeren Mitglieder kennen zu lernen, die Kinder und ihre Eltern hatten ihren Spa\u00df mit den Spielger\u00e4ten aus dem Spielmobil. Insgesamt war es eine sch\u00f6ne Veranstaltung, die wir so oder \u00e4hnlich sicher wieder einmal anbieten werden.<\/p>\n<p>Vielen Dank an den Bouleclub, der uns sein Gel\u00e4nde zur Verf\u00fcgung gestellt hat!<\/p>\n<p align=\"center\"><strong>TVE-Familien-Grillfest<\/strong><\/p>\n<p>Am 03.10.16 veranstaltete der TVE auf dem Bouleplatz ein Grill- und Spielfest f\u00fcr die Familien und die \u00dcbungsleiter unserer Turn- und Einradkinder. Schade, dass sich nicht mehr Familien angemeldet hatten! Es war ein richtig sch\u00f6ner Nachmittag, alle hatten viel Spa\u00df mit den Sport- und Spielger\u00e4ten aus dem Spielmobil und genossen das leckere Essen und nette Gespr\u00e4che.<\/p>\n<p>&nbsp;<\/p>\n<p>&nbsp;<\/p>\n","protected":false},"excerpt":{"rendered":"<p>Kinderturnen\u00a0 Die aktuellen Zeiten und Gruppen, Stand Oktober 2025 Alle Turnstunden finden in der Dalberghalle statt. \u00a0 Eltern-Kind-Turnen:\u00a0 Mittwoch, 15.00 &#8211; 16.00 Uhr und 16.00 &#8211; 17.00 Uhr, mit Christiane und Bianca Kindergartenkinder: 1 &#8211; Dienstag, 16.00-17.00 Uhr, mit Dorothee, Vera, Anna 2 &#8211; Dienstag, 17.00-18.00 Uhr, mit Dorothee, Vera, Anna 3 1\/2-5j\u00e4hrige, die Kinder <span class=\"ellipsis\">&hellip;<\/span> <span class=\"more-link-wrap\"><a href=\"https:\/\/www.tv-essingen.de\/?page_id=18\" class=\"more-link\"><span>Read More &rarr;<\/span><\/a><\/span><\/p>\n","protected":false},"author":1,"featured_media":0,"parent":61,"menu_order":0,"comment_status":"closed","ping_status":"closed","template":"","meta":{"footnotes":""},"class_list":["post-18","page","type-page","status-publish","hentry"],"_links":{"self":[{"href":"https:\/\/www.tv-essingen.de\/index.php?rest_route=\/wp\/v2\/pages\/18","targetHints":{"allow":["GET"]}}],"collection":[{"href":"https:\/\/www.tv-essingen.de\/index.php?rest_route=\/wp\/v2\/pages"}],"about":[{"href":"https:\/\/www.tv-essingen.de\/index.php?rest_route=\/wp\/v2\/types\/page"}],"author":[{"embeddable":true,"href":"https:\/\/www.tv-essingen.de\/index.php?rest_route=\/wp\/v2\/users\/1"}],"replies":[{"embeddable":true,"href":"https:\/\/www.tv-essingen.de\/index.php?rest_route=%2Fwp%2Fv2%2Fcomments&post=18"}],"version-history":[{"count":57,"href":"https:\/\/www.tv-essingen.de\/index.php?rest_route=\/wp\/v2\/pages\/18\/revisions"}],"predecessor-version":[{"id":2205,"href":"https:\/\/www.tv-essingen.de\/index.php?rest_route=\/wp\/v2\/pages\/18\/revisions\/2205"}],"up":[{"embeddable":true,"href":"https:\/\/www.tv-essingen.de\/index.php?rest_route=\/wp\/v2\/pages\/61"}],"wp:attachment":[{"href":"https:\/\/www.tv-essingen.de\/index.php?rest_route=%2Fwp%2Fv2%2Fmedia&parent=18"}],"curies":[{"name":"wp","href":"https:\/\/api.w.org\/{rel}","templated":true}]}}