{"id":19,"date":"2018-01-07T15:42:18","date_gmt":"2018-01-07T13:42:18","guid":{"rendered":"http:\/\/www.tv-essingen.de\/?page_id=19"},"modified":"2018-08-13T20:16:07","modified_gmt":"2018-08-13T18:16:07","slug":"kindergartengruppe","status":"publish","type":"page","link":"https:\/\/www.tv-essingen.de\/?page_id=19","title":{"rendered":"Kindergartenturnen"},"content":{"rendered":"<p><span style=\"text-decoration: underline;\"><strong>Kindergartenturnen beim TVE<\/strong><\/span><\/p>\n<p>Dienstags, 16.00 &#8211; 17.00 Uhr (nicht in den Ferien),\u00a0 Dorothee und Team<\/p>\n<p>Alter: 4 &#8211; 6 Jahre<\/p>\n<p>Dienstags, 17.00 &#8211; 18.00 Uhr (nicht in den Ferien), Dorothee und Team<\/p>\n<p>Alter: ab 3,5 Jahre, nach Absprache<\/p>\n<p>Ort: Dalberghalle Essingen,\u00a0 Zugang \u00fcber den Sportlereingang<\/p>\n<p>&nbsp;<\/p>\n<p>Unser Programm kn\u00fcpft an das Eltern-Kind-Turnen an und bereitet dich auf das Schulturnen vor.<\/p>\n<p>Bei uns lernst du Turn- und Gleichgewichts\u00fcbungen kennen und darfst an vielen Ger\u00e4ten, wie dem Trampolin oder dem gro\u00dfen Kasten trainieren.<\/p>\n<p>Neben dem Turnen f\u00fchren wir viele verschiedene Spiele durch um unsere Koordinations- und Kooperationsf\u00e4higkeiten zu schulen.<\/p>\n","protected":false},"excerpt":{"rendered":"<p>Kindergartenturnen beim TVE Dienstags, 16.00 &#8211; 17.00 Uhr (nicht in den Ferien),\u00a0 Dorothee und Team Alter: 4 &#8211; 6 Jahre Dienstags, 17.00 &#8211; 18.00 Uhr (nicht in den Ferien), Dorothee und Team Alter: ab 3,5 Jahre, nach Absprache Ort: Dalberghalle Essingen,\u00a0 Zugang \u00fcber den Sportlereingang &nbsp; Unser Programm kn\u00fcpft an das Eltern-Kind-Turnen an und bereitet <span class=\"ellipsis\">&hellip;<\/span> <span class=\"more-link-wrap\"><a href=\"https:\/\/www.tv-essingen.de\/?page_id=19\" class=\"more-link\"><span>Read More &rarr;<\/span><\/a><\/span><\/p>\n","protected":false},"author":1,"featured_media":0,"parent":18,"menu_order":0,"comment_status":"closed","ping_status":"closed","template":"","meta":{"footnotes":""},"class_list":["post-19","page","type-page","status-publish","hentry"],"_links":{"self":[{"href":"https:\/\/www.tv-essingen.de\/index.php?rest_route=\/wp\/v2\/pages\/19","targetHints":{"allow":["GET"]}}],"collection":[{"href":"https:\/\/www.tv-essingen.de\/index.php?rest_route=\/wp\/v2\/pages"}],"about":[{"href":"https:\/\/www.tv-essingen.de\/index.php?rest_route=\/wp\/v2\/types\/page"}],"author":[{"embeddable":true,"href":"https:\/\/www.tv-essingen.de\/index.php?rest_route=\/wp\/v2\/users\/1"}],"replies":[{"embeddable":true,"href":"https:\/\/www.tv-essingen.de\/index.php?rest_route=%2Fwp%2Fv2%2Fcomments&post=19"}],"version-history":[{"count":14,"href":"https:\/\/www.tv-essingen.de\/index.php?rest_route=\/wp\/v2\/pages\/19\/revisions"}],"predecessor-version":[{"id":1334,"href":"https:\/\/www.tv-essingen.de\/index.php?rest_route=\/wp\/v2\/pages\/19\/revisions\/1334"}],"up":[{"embeddable":true,"href":"https:\/\/www.tv-essingen.de\/index.php?rest_route=\/wp\/v2\/pages\/18"}],"wp:attachment":[{"href":"https:\/\/www.tv-essingen.de\/index.php?rest_route=%2Fwp%2Fv2%2Fmedia&parent=19"}],"curies":[{"name":"wp","href":"https:\/\/api.w.org\/{rel}","templated":true}]}}