{"id":47,"date":"2013-04-11T21:02:11","date_gmt":"2013-04-11T19:02:11","guid":{"rendered":"http:\/\/www.tv-essingen.de\/?page_id=47"},"modified":"2025-04-17T18:28:44","modified_gmt":"2025-04-17T16:28:44","slug":"mitglied-werden","status":"publish","type":"page","link":"https:\/\/www.tv-essingen.de\/?page_id=47","title":{"rendered":"Mitglied werden"},"content":{"rendered":"<p>Um Mitglied zu werden drucken Sie bitte unseren\u00a0 <a href=\"https:\/\/www.tv-essingen.de\/wp-content\/uploads\/2022\/08\/Aufnahmeantrag_komplett_Stand_202207a_ausfuellbar.pdf\" target=\"_blank\" rel=\"noopener\">Aufnahmeantrag<\/a>\u00a0(PDF-Datei) aus und versehen Sie diesen mit Ihren pers\u00f6nlichen Daten, ihrer E-Mail-Adresse, ihrer Unterschrift sowie der Einverst\u00e4ndnis zum Abbuchungsverfahren.<\/p>\n<p>Geben Sie den Aufnahmeantrag entweder in der \u00dcbungsstunde ab oder senden Sie diesen an die Adresse des Turnvereins Essingen: Am Turnplatz 3, 76879 Essingen.<\/p>\n<p>Nachfolgend finden Sie unsere <a href=\"https:\/\/www.tv-essingen.de\/wp-content\/uploads\/2019\/07\/Beitragsordnung-Stand-M\u00e4rz-2019.pdf\" target=\"_blank\" rel=\"noopener\">Beitragsordnung<\/a>.<\/p>\n<p>&nbsp;<\/p>\n","protected":false},"excerpt":{"rendered":"<p>Um Mitglied zu werden drucken Sie bitte unseren\u00a0 Aufnahmeantrag\u00a0(PDF-Datei) aus und versehen Sie diesen mit Ihren pers\u00f6nlichen Daten, ihrer E-Mail-Adresse, ihrer Unterschrift sowie der Einverst\u00e4ndnis zum Abbuchungsverfahren. Geben Sie den Aufnahmeantrag entweder in der \u00dcbungsstunde ab oder senden Sie diesen an die Adresse des Turnvereins Essingen: Am Turnplatz 3, 76879 Essingen. Nachfolgend finden Sie unsere <span class=\"ellipsis\">&hellip;<\/span> <span class=\"more-link-wrap\"><a href=\"https:\/\/www.tv-essingen.de\/?page_id=47\" class=\"more-link\"><span>Read More &rarr;<\/span><\/a><\/span><\/p>\n","protected":false},"author":1,"featured_media":0,"parent":0,"menu_order":0,"comment_status":"closed","ping_status":"closed","template":"","meta":{"footnotes":""},"class_list":["post-47","page","type-page","status-publish","hentry"],"_links":{"self":[{"href":"https:\/\/www.tv-essingen.de\/index.php?rest_route=\/wp\/v2\/pages\/47","targetHints":{"allow":["GET"]}}],"collection":[{"href":"https:\/\/www.tv-essingen.de\/index.php?rest_route=\/wp\/v2\/pages"}],"about":[{"href":"https:\/\/www.tv-essingen.de\/index.php?rest_route=\/wp\/v2\/types\/page"}],"author":[{"embeddable":true,"href":"https:\/\/www.tv-essingen.de\/index.php?rest_route=\/wp\/v2\/users\/1"}],"replies":[{"embeddable":true,"href":"https:\/\/www.tv-essingen.de\/index.php?rest_route=%2Fwp%2Fv2%2Fcomments&post=47"}],"version-history":[{"count":16,"href":"https:\/\/www.tv-essingen.de\/index.php?rest_route=\/wp\/v2\/pages\/47\/revisions"}],"predecessor-version":[{"id":2107,"href":"https:\/\/www.tv-essingen.de\/index.php?rest_route=\/wp\/v2\/pages\/47\/revisions\/2107"}],"wp:attachment":[{"href":"https:\/\/www.tv-essingen.de\/index.php?rest_route=%2Fwp%2Fv2%2Fmedia&parent=47"}],"curies":[{"name":"wp","href":"https:\/\/api.w.org\/{rel}","templated":true}]}}