{"id":6,"date":"2022-10-12T20:00:08","date_gmt":"2022-10-12T18:00:08","guid":{"rendered":"http:\/\/www.tv-essingen.de\/?page_id=6"},"modified":"2022-10-12T20:55:30","modified_gmt":"2022-10-12T18:55:30","slug":"verinsgaststatte","status":"publish","type":"page","link":"https:\/\/www.tv-essingen.de\/?page_id=6","title":{"rendered":"Vereinsgastst\u00e4tte"},"content":{"rendered":"<p style=\"text-align: center;\"><strong>Aktuelles<\/strong><\/p>\n<p>Wir weisen darauf hin, dass unsere Vereinsgastst\u00e4tte \u201eOlympia\u201c aufgrund der aktuellen Entwicklung der Energiekosten ab sofort bis auf weiteres nur noch am Wochenende ge\u00f6ffnet ist, also Freitag, Samstag und Sonntag.<\/p>\n<p>Der Lieferservice steht weiter von Dienstag bis Sonntag zur Verf\u00fcgung, Tel. 06347-6060288 oder \u00fcber Lieferando.<\/p>\n<p>&nbsp;<\/p>\n<p>&nbsp;<\/p>\n<p style=\"text-align: center;\">\u00a0<strong><span style=\"color: #000000; font-size: medium;\">TVE-Vereinsgastst\u00e4tte wieder ge\u00f6ffnet<\/span><\/strong><\/p>\n<p><span style=\"color: #000000; font-size: medium;\">Unsere Vereinsgastst\u00e4tte ist seit Freitag, 24.11.17, unter dem Namen &#8222;Olympia&#8220; wieder ge\u00f6ffnet<\/span><\/p>\n<p><span style=\"color: #000000; font-size: medium;\">Adresse: Am Turnplatz 3, 76879 Essingen, Tel. 06347-6060288.<\/span><\/p>\n<p><span style=\"color: #000000; font-size: medium;\">Dies sind die \u00d6ffnungszeiten:<\/span><\/p>\n<p><span style=\"color: #000000; font-size: medium;\">Dienstag-Freitag ab 17.00 Uhr<\/span><\/p>\n<p><span style=\"color: #000000; font-size: medium;\">Samstag ab 11.00 Uhr, Mittagspause 14.30-17.00 Uhr<\/span><\/p>\n<p><span style=\"color: #000000; font-size: medium;\">Sonntag ab 11.00 Uhr durchgehend<\/span><\/p>\n<p><span style=\"color: #000000; font-size: medium;\">Montag Ruhetag<\/span><\/p>\n<p><span style=\"color: #000000; font-size: medium;\">Lassen Sie sich \u00fcberraschen, was f\u00fcr ein gem\u00fctliches Ambiente unsere neuen P\u00e4chter, die Familie Nikolaou, in der sehr kurzen Umbauphase geschaffen haben.<\/span><\/p>\n<p><span style=\"color: #000000; font-size: medium;\">Dazu gibt es ein attraktives Angebot an leckeren Speisen aus der griechischen und deutschen K\u00fcche, das k\u00fcnftig noch mit speziellen Tages-Angeboten erg\u00e4nzt werden soll.<\/span><\/p>\n<p><a href=\"https:\/\/www.tv-essingen.de\/wp-content\/uploads\/2017\/11\/CIMG1023.jpg\"><img loading=\"lazy\" decoding=\"async\" src=\"https:\/\/www.tv-essingen.de\/wp-content\/uploads\/2017\/11\/CIMG1023-300x225.jpg\" alt=\"Gastst\u00e4tte 26.11.17\" width=\"300\" height=\"225\" \/><\/a><a href=\"https:\/\/www.tv-essingen.de\/wp-content\/uploads\/2017\/11\/CIMG1022.jpg\"><img loading=\"lazy\" decoding=\"async\" src=\"https:\/\/www.tv-essingen.de\/wp-content\/uploads\/2017\/11\/CIMG1022-300x225.jpg\" alt=\"Gastst\u00e4tte 26.11.17\" width=\"300\" height=\"225\" \/><\/a><a href=\"https:\/\/www.tv-essingen.de\/wp-content\/uploads\/2017\/11\/CIMG1025.jpg\"><img loading=\"lazy\" decoding=\"async\" src=\"https:\/\/www.tv-essingen.de\/wp-content\/uploads\/2017\/11\/CIMG1025-300x225.jpg\" alt=\"Gastst\u00e4tte 26.11.17\" width=\"300\" height=\"225\" \/><\/a><a href=\"https:\/\/www.tv-essingen.de\/wp-content\/uploads\/2017\/11\/CIMG1021.jpg\"><img loading=\"lazy\" decoding=\"async\" src=\"https:\/\/www.tv-essingen.de\/wp-content\/uploads\/2017\/11\/CIMG1021-300x225.jpg\" alt=\"Gastst\u00e4tte 26.11.17\" width=\"300\" height=\"225\" \/><\/a><\/p>\n<p>&nbsp;<\/p>\n","protected":false},"excerpt":{"rendered":"<p>Aktuelles Wir weisen darauf hin, dass unsere Vereinsgastst\u00e4tte \u201eOlympia\u201c aufgrund der aktuellen Entwicklung der Energiekosten ab sofort bis auf weiteres nur noch am Wochenende ge\u00f6ffnet ist, also Freitag, Samstag und Sonntag. Der Lieferservice steht weiter von Dienstag bis Sonntag zur Verf\u00fcgung, Tel. 06347-6060288 oder \u00fcber Lieferando. &nbsp; &nbsp; \u00a0TVE-Vereinsgastst\u00e4tte wieder ge\u00f6ffnet Unsere Vereinsgastst\u00e4tte ist seit <span class=\"ellipsis\">&hellip;<\/span> <span class=\"more-link-wrap\"><a href=\"https:\/\/www.tv-essingen.de\/?page_id=6\" class=\"more-link\"><span>Read More &rarr;<\/span><\/a><\/span><\/p>\n","protected":false},"author":1,"featured_media":0,"parent":0,"menu_order":0,"comment_status":"closed","ping_status":"closed","template":"","meta":{"footnotes":""},"class_list":["post-6","page","type-page","status-publish","hentry"],"_links":{"self":[{"href":"https:\/\/www.tv-essingen.de\/index.php?rest_route=\/wp\/v2\/pages\/6","targetHints":{"allow":["GET"]}}],"collection":[{"href":"https:\/\/www.tv-essingen.de\/index.php?rest_route=\/wp\/v2\/pages"}],"about":[{"href":"https:\/\/www.tv-essingen.de\/index.php?rest_route=\/wp\/v2\/types\/page"}],"author":[{"embeddable":true,"href":"https:\/\/www.tv-essingen.de\/index.php?rest_route=\/wp\/v2\/users\/1"}],"replies":[{"embeddable":true,"href":"https:\/\/www.tv-essingen.de\/index.php?rest_route=%2Fwp%2Fv2%2Fcomments&post=6"}],"version-history":[{"count":69,"href":"https:\/\/www.tv-essingen.de\/index.php?rest_route=\/wp\/v2\/pages\/6\/revisions"}],"predecessor-version":[{"id":1733,"href":"https:\/\/www.tv-essingen.de\/index.php?rest_route=\/wp\/v2\/pages\/6\/revisions\/1733"}],"wp:attachment":[{"href":"https:\/\/www.tv-essingen.de\/index.php?rest_route=%2Fwp%2Fv2%2Fmedia&parent=6"}],"curies":[{"name":"wp","href":"https:\/\/api.w.org\/{rel}","templated":true}]}}