{"id":754,"date":"2020-02-23T16:00:12","date_gmt":"2020-02-23T14:00:12","guid":{"rendered":"http:\/\/www.tv-essingen.de\/?page_id=754"},"modified":"2020-02-23T21:50:00","modified_gmt":"2020-02-23T19:50:00","slug":"winterfreizeiten","status":"publish","type":"page","link":"https:\/\/www.tv-essingen.de\/?page_id=754","title":{"rendered":"Winterfreizeiten"},"content":{"rendered":"<p style=\"text-align: center;\"><strong>TVE-Winterfreizeit 2019: Besser geht es nicht<\/strong><\/p>\n<p>Jeden Tag strahlender Sonnenschein, viel Schnee, eine harmonische Gruppe, \u2026 es hat alles gepasst und alle konnten ihre Vorstellungen verwirklichen: Die erholungsuchenden Sonnenanbeter, die Skifahrer, die Rodler, die Wanderer, die Dartspieler. Sch\u00f6n, dass es dieses Angebot immer noch gibt.<\/p>\n<p><a href=\"https:\/\/www.tv-essingen.de\/wp-content\/uploads\/2020\/01\/IMG-20191228-WA0000.jpg\"><img loading=\"lazy\" decoding=\"async\" class=\"alignnone size-medium wp-image-1552\" src=\"https:\/\/www.tv-essingen.de\/wp-content\/uploads\/2020\/01\/IMG-20191228-WA0000-300x169.jpg\" alt=\"\" width=\"300\" height=\"169\" srcset=\"https:\/\/www.tv-essingen.de\/wp-content\/uploads\/2020\/01\/IMG-20191228-WA0000-300x169.jpg 300w, https:\/\/www.tv-essingen.de\/wp-content\/uploads\/2020\/01\/IMG-20191228-WA0000-768x432.jpg 768w, https:\/\/www.tv-essingen.de\/wp-content\/uploads\/2020\/01\/IMG-20191228-WA0000-1024x576.jpg 1024w, https:\/\/www.tv-essingen.de\/wp-content\/uploads\/2020\/01\/IMG-20191228-WA0000.jpg 1600w\" sizes=\"auto, (max-width: 300px) 100vw, 300px\" \/><\/a><a href=\"https:\/\/www.tv-essingen.de\/wp-content\/uploads\/2020\/01\/IMG-20191228-WA0001.jpg\"><img loading=\"lazy\" decoding=\"async\" class=\"alignnone size-medium wp-image-1553\" src=\"https:\/\/www.tv-essingen.de\/wp-content\/uploads\/2020\/01\/IMG-20191228-WA0001-300x169.jpg\" alt=\"\" width=\"300\" height=\"169\" srcset=\"https:\/\/www.tv-essingen.de\/wp-content\/uploads\/2020\/01\/IMG-20191228-WA0001-300x169.jpg 300w, https:\/\/www.tv-essingen.de\/wp-content\/uploads\/2020\/01\/IMG-20191228-WA0001-768x432.jpg 768w, https:\/\/www.tv-essingen.de\/wp-content\/uploads\/2020\/01\/IMG-20191228-WA0001-1024x576.jpg 1024w, https:\/\/www.tv-essingen.de\/wp-content\/uploads\/2020\/01\/IMG-20191228-WA0001.jpg 1600w\" sizes=\"auto, (max-width: 300px) 100vw, 300px\" \/><\/a><a href=\"https:\/\/www.tv-essingen.de\/wp-content\/uploads\/2020\/01\/IMG-20191228-WA0002.jpg\"><img loading=\"lazy\" decoding=\"async\" class=\"alignnone size-medium wp-image-1554\" src=\"https:\/\/www.tv-essingen.de\/wp-content\/uploads\/2020\/01\/IMG-20191228-WA0002-300x169.jpg\" alt=\"\" width=\"300\" height=\"169\" srcset=\"https:\/\/www.tv-essingen.de\/wp-content\/uploads\/2020\/01\/IMG-20191228-WA0002-300x169.jpg 300w, https:\/\/www.tv-essingen.de\/wp-content\/uploads\/2020\/01\/IMG-20191228-WA0002-768x432.jpg 768w, https:\/\/www.tv-essingen.de\/wp-content\/uploads\/2020\/01\/IMG-20191228-WA0002-1024x576.jpg 1024w, https:\/\/www.tv-essingen.de\/wp-content\/uploads\/2020\/01\/IMG-20191228-WA0002.jpg 1600w\" sizes=\"auto, (max-width: 300px) 100vw, 300px\" \/><\/a><a href=\"https:\/\/www.tv-essingen.de\/wp-content\/uploads\/2020\/01\/IMG-20200101-WA0004.jpg\"><img loading=\"lazy\" decoding=\"async\" class=\"alignnone size-medium wp-image-1555\" src=\"https:\/\/www.tv-essingen.de\/wp-content\/uploads\/2020\/01\/IMG-20200101-WA0004-300x225.jpg\" alt=\"\" width=\"300\" height=\"225\" srcset=\"https:\/\/www.tv-essingen.de\/wp-content\/uploads\/2020\/01\/IMG-20200101-WA0004-300x225.jpg 300w, https:\/\/www.tv-essingen.de\/wp-content\/uploads\/2020\/01\/IMG-20200101-WA0004-768x576.jpg 768w, https:\/\/www.tv-essingen.de\/wp-content\/uploads\/2020\/01\/IMG-20200101-WA0004-1024x768.jpg 1024w, https:\/\/www.tv-essingen.de\/wp-content\/uploads\/2020\/01\/IMG-20200101-WA0004.jpg 1600w\" sizes=\"auto, (max-width: 300px) 100vw, 300px\" \/><\/a><\/p>\n<p>Die Anmeldefristen f\u00fcr das n\u00e4chste Mal (gleicher Zeitraum, gleicher Preis):<\/p>\n<p>Im TVE Engagierte und Helfer k\u00f6nnen sich bis zum 29. Feb. anmelden, danach, bis Ende April, die sonstigen TVE-Mitglieder, ab 1. Mai die Nichtmitglieder.<\/p>\n<p>&nbsp;<\/p>\n<p style=\"text-align: center;\"><strong>TVE-Winterfreizeit 2018: Es gibt Dinge im Leben&#8230;<\/strong><\/p>\n<p>&#8230; die muss man hautnah erlebt haben, weil sie sich kaum in Worten ausdr\u00fccken lassen. Wie sonst ist zu erkl\u00e4ren, dass sich viele Teilnehmer bei Ankunft am Turnplatz nach einer \u00fcberlangen R\u00fcckfahrt zum Teil mit Tr\u00e4nen in den Augen verabschiedeten und immer noch erf\u00fcllt waren von den sch\u00f6nen Tagen?<\/p>\n<p>Der Schnee auf dem Hochplateau bedeckte zwar nicht alle Fl\u00e4chen, aber das empfanden die vielen Wanderer nur als kleine optische Beeintr\u00e4chtigung. Daf\u00fcr gab es mit einer Ausnahme jeden Tag Sonnenschein.<\/p>\n<p>Die Anmelderegeln f\u00fcr die n\u00e4chste Freizeit:<\/p>\n<p>Bis zum 28. Februar k\u00f6nnen sich im Verein Engagierte anmelden,<\/p>\n<p>danach, bis zum 25. Mai, die sonstigen Mitglieder (einige stehen schon auf der Warteliste), ab dem 25. Mai, beginnt die Anmeldem\u00f6glichkeit f\u00fcr Nichtmitglieder.<\/p>\n<p>Zeitraum und Preise bleiben gleich, also vom 27. Dezember. bis 02.Januar., DZ im Altbau 280 \u20ac pP, DZ Neubau 330\u20ac pP f\u00fcr Vollpension und Bustransfer.<\/p>\n<p align=\"center\"><strong><span style=\"font-size: medium;\">TVE-Winterfreizeit 2017: Endlich wieder Schnee!<\/span><\/strong><\/p>\n<p><span style=\"font-size: medium;\">Und zwar in Massen. Auf manchen nicht gewalzten Wegen mussten sich die Wanderer durch h\u00fcfthohen Schnee k\u00e4mpfen. Rodler kamen auf gut pr\u00e4parierten H\u00e4ngen auf ihre Kosten. Skifahrer durften auf echtem Schnee wedeln.<\/span><br \/>\n<span style=\"font-size: medium;\">Auch die gute Stimmung und angenehme Atmosph\u00e4re in der Gruppe brachten wie jedes Jahr den gew\u00fcnschten Erholungseffekt. Die gewohnt k\u00f6stlichen Speisen werden vielleicht gar nicht mehr richtig gew\u00fcrdigt, weil Ernas Kochk\u00fcnste fast schon zur Selbstverst\u00e4ndlichkeit geworden sind.<br \/>\n<\/span><span style=\"font-size: medium;\">Wenn die Abschiedsszenen bei R\u00fcckkehr in Essingen ein Gradmesser daf\u00fcr sind, wie gut es den Teilnehmern gefallen hat, dann war es wieder besonders sch\u00f6n.<br \/>\n<\/span><span style=\"font-size: medium;\"><br \/>\n<\/span><span style=\"font-size: medium;\">Anmelderegeln f\u00fcr die n\u00e4chste Winterfreizeit vom 27.12.18 bis 02.01.2019:<br \/>\n<\/span><span style=\"font-size: medium;\">Ende M\u00e4rz: Anmeldeschluss f\u00fcr im TVE engagierte Mitglieder, danach bis Ende Mai: Anmeldeschluss f\u00fcr sonstige Mitglieder<br \/>\n<\/span><span style=\"font-size: medium;\">Der Selbstkosten-Preis f\u00fcr den Bustransfer und Vollpension im Doppelzimmer wird<br \/>\n<\/span><span style=\"font-size: medium;\">1. bei 280 Euro pro Erwachsenem im Altbau<br \/>\n<\/span><span style=\"font-size: medium;\">2. bei 330 Euro pro Erwachsenem im Neubau liegen.<br \/>\n<\/span><span style=\"font-size: medium;\"> <a href=\"https:\/\/www.tv-essingen.de\/wp-content\/uploads\/2018\/01\/IMG_2730.jpg\"><img loading=\"lazy\" decoding=\"async\" src=\"https:\/\/www.tv-essingen.de\/wp-content\/uploads\/2018\/01\/IMG_2730-225x300.jpg\" alt=\"Winter 2017-18\" width=\"225\" height=\"300\" \/><\/a><a href=\"https:\/\/www.tv-essingen.de\/wp-content\/uploads\/2018\/01\/IMG_2741.jpg\"><img loading=\"lazy\" decoding=\"async\" src=\"https:\/\/www.tv-essingen.de\/wp-content\/uploads\/2018\/01\/IMG_2741-225x300.jpg\" alt=\"Winter 2017-18\" width=\"225\" height=\"300\" \/><\/a><a href=\"https:\/\/www.tv-essingen.de\/wp-content\/uploads\/2018\/01\/IMG_2744.jpg\"><img loading=\"lazy\" decoding=\"async\" src=\"https:\/\/www.tv-essingen.de\/wp-content\/uploads\/2018\/01\/IMG_2744-225x300.jpg\" alt=\"Winter 2017-18\" width=\"225\" height=\"300\" \/><\/a><br \/>\n<\/span><\/p>\n<p align=\"center\"><a href=\"https:\/\/www.tv-essingen.de\/wp-content\/uploads\/2018\/01\/IMG_3072.jpg\"><img loading=\"lazy\" decoding=\"async\" src=\"https:\/\/www.tv-essingen.de\/wp-content\/uploads\/2018\/01\/IMG_3072-300x225.jpg\" alt=\"winter 2017-18\" width=\"300\" height=\"225\" \/><\/a><a href=\"https:\/\/www.tv-essingen.de\/wp-content\/uploads\/2018\/01\/IMG_3074.jpg\"><img loading=\"lazy\" decoding=\"async\" src=\"https:\/\/www.tv-essingen.de\/wp-content\/uploads\/2018\/01\/IMG_3074-300x225.jpg\" alt=\"Winter 2017-18\" width=\"300\" height=\"225\" \/><\/a><\/p>\n<p align=\"center\"><strong>TVE-Winterfreizeit 2016\/17: nicht zu erkl\u00e4ren???<\/strong><\/p>\n<p>Auf dem Astjoch in S\u00fcdtirol in knapp 2200m H\u00f6he staubte es wieder \u2013 bei der R\u00fcckkehr am 2. Januar lagen an manchen Stellen noch Schneereste in Essingen \u2026 Erkl\u00e4rung?<\/p>\n<p>Erstteilnehmer f\u00fchlen sich schnell wohl in dieser angenehmen Gruppe und sind nach dieser Woche voll des Lobes \u00fcber so viele nette Menschen \u2026 Erkl\u00e4rung???<\/p>\n<p>Alpinskifahrer nehmen die 45min\u00fctige Anfahrt zum Skigebiet \u201eKronplatz\u201c gelassen hin \u2026 Erk\u00e4rung?<\/p>\n<p>Die jungen, mit Smartphone aufgewachsenen Teilnehmer (\u201edigital Natives\u201c) sitzen stundenlang beim Werwolf-Spiel konzentriert im Kreis ohne automatisierte Wischbewegungen des Daumens und gefesselten Blick auf den kleinen Bildschirm \u2026 Erkl\u00e4rung?<\/p>\n<p>Eine 50k\u00f6pfige Gruppe hat innerhalb von 3,5 Minuten den wohlschmeckenden Hauptgang des 3-G\u00e4nge-Abendessens vor sich stehen \u2026 Erkl\u00e4rung?<\/p>\n<p>F\u00fcr den Preis bekommt man in der Hauptsaison in S\u00fcdtirol oder \u00d6sterreich nicht einmal Vollpension und hier sind neben dem Bustransfer und Nutzung der Kleinbusse noch kleine, kostenlose \u00dcberraschungen inclusiv \u2026 Erkl\u00e4rung?<\/p>\n<p>So manche Gespr\u00e4che und Erkl\u00e4rungsversuche drehten sich wieder einmal um solche oder \u00e4hnliche Ph\u00e4nomene. F\u00fcr manches gibt es keine schl\u00fcssigen Beweise. Deshalb: einfach nur genie\u00dfen!<\/p>\n<p>Teilnahmeregeln f\u00fcr die n\u00e4chste Freizeit vom 27. Dez. 2017 bis 2. Jan. 2018:<\/p>\n<p>Im Verein engagierte TVE-Mitglieder haben als erste die M\u00f6glichkeit sich anzumelden, und zwar bis Ende Feb.,<\/p>\n<p>sonstige TVE-Mitglieder k\u00f6nnen sich bis zum Nachtreffen (voraussichtlich im Mai) anmelden.<\/p>\n<p>Erst danach werden auch Nichtmitglieder ber\u00fccksichtigt.<\/p>\n<p>Der (Selbstkosten-) Preis f\u00fcr Mitglieder im Doppelzimmer kann erst nach Eintreffen des Angebots des Busunternehmens genau berechnet werden \u2013 er d\u00fcrfte aber noch einmal bei (unschlagbaren) \u20ac 260 f\u00fcr Mitglieder liegen.<\/p>\n<p align=\"center\"><strong>TVE-Winterfreizeit 2015-16: Klimawandel<\/strong><\/p>\n<p>Schlitten- und Skifahren war nur auf Kunstschnee m\u00f6glich, die sonst schneebedeckten Berggipfel auf \u00fcber 2000m H\u00f6he blieben grau-braun, beim Wandern staubte es, auf dem Astjoch konnten die Gipfelst\u00fcrmer im Gras liegend ein Sonnenbad nehmen und in S\u00fcdtirol gab es\u00a0 Waldbrandgefahr.<\/p>\n<p>Einen Klimawandel in unserer Gruppe gab es deshalb aber zum Gl\u00fcck nicht. Im Gegenteil: Vom\u00a0 bisher schon immer erlebten Wohlf\u00fchlklima waren auch die Erstteilnehmer gleich begeistert. Es darf wieder dar\u00fcber philosophiert werden, welche (Gemeinschafts-) Erfahrungen wie D\u00fcnger im Gehirn von Jung und Alt wirken und wieso die Begeisterung f\u00fcr gewisse Spiele wie Werwolf und Dart die Touchscreen-Generation f\u00fcr die Dauer eines solchen Spiels ihre Wischerqualit\u00e4ten vergessen l\u00e4sst.<\/p>\n<p>Nat\u00fcrlich tragen auch Ernas Kochk\u00fcnste zum Wohlf\u00fchlklima entscheidend bei und werden jedes Mal gesch\u00e4tzt.<\/p>\n<p>&nbsp;<\/p>\n<p style=\"text-align: center;\"><strong>TVE-Winterfreizeit 2014-15: Einfach super!<\/strong><\/p>\n<p>Da sa\u00dfen sie wieder im gro\u00dfen Kreis, mitten in der Nacht, die WERWOLF-Freaks, und fr\u00f6nten ihrer Leidenschaft. Daneben gab es ein Dart-Turnier f\u00fcr Kinder und eins f\u00fcr Erwachsene sowie alle m\u00f6glichen anderen Spiele. Am Silvesterabend konnten neben musikalischen Darbietungen die Kreativit\u00e4t und die Schauspielkunst einiger Teilnehmer bewundert werden. Immer wieder interessant, welche Talente in Kindern und Jugendlichen der Touchscreen-Generation schlummern, deren Blicke sonst so magisch von den Bildschirmchen angezogen werden.<\/p>\n<p>Die beliebtesten Aktivit\u00e4ten tags\u00fcber waren\u00a0 Rodeln, Skifahren und Wandern. Leider gab es dieses Mal zu wenig Schnee, um die mehrere Kilometer lange Rodelfahrt ins Tal zu machen, aber das konnte die prima Stimmung in der Gruppe ebenso wenig ersch\u00fcttern wie die \u00fcberlange, durch Staus verz\u00f6gerte Hinfahrt.<\/p>\n<p>Die Stammteilnehmer sch\u00e4tzen immer wieder die angenehme Wohlf\u00fchl-Atmosph\u00e4re; f\u00fcr die Erstteilnehmer ist es meistens eine neue Erfahrung zu erleben, wie gut so eine Gruppe von der 4J\u00e4hrigen bis zu den \u00fcber 60J\u00e4hrigen \u201efunktionieren\u201c kann. So ist es nicht verwunderlich, dass sich alle am Ende f\u00fcr unvergesslich sch\u00f6ne Tage beim Organisator bedankten.<\/p>\n<p><a href=\"https:\/\/www.tv-essingen.de\/wp-content\/uploads\/2014\/12\/Siegerehrung-Kinderdartturnier.jpg\"><img loading=\"lazy\" decoding=\"async\" src=\"https:\/\/www.tv-essingen.de\/wp-content\/uploads\/2014\/12\/Siegerehrung-Kinderdartturnier-300x225.jpg\" alt=\"Siegerehrung Kinderdartturnier\" width=\"300\" height=\"225\" \/><\/a>Siegerehrung Kinderdartturnier<\/p>\n<p><img loading=\"lazy\" decoding=\"async\" src=\"https:\/\/www.tv-essingen.de\/wp-content\/uploads\/2014\/12\/Sehen-so-gef\u00e4hrliche-Werw\u00f6lfe-aus-300x225.jpg\" alt=\"Sehen so gef\u00e4hrliche Werwolfe aus?\" width=\"300\" height=\"225\" \/>Sehen so gef\u00e4hrliche Werwolfe aus?<\/p>\n<p>&nbsp;<\/p>\n<p style=\"text-align: center;\"><strong>\u00a0TVE-Winterfreizeit 2013\/14: Ein Erlebnis \u2013 wie immer!<\/strong><\/p>\n<p>Nicht nur die Erstteilnehmer gerieten ins Schw\u00e4rmen, auch die Stammteilnehmer wissen jedes Jahr aufs Neue diese besonderen Tage zu sch\u00e4tzen: das schneebedeckte, sonnenbeschienene Hochplateau der Rodenecker und L\u00fcsener Alm und den Anblick der S\u00e4gezahn-Dolomitengipfel, \u201enette, unkomplizierte Menschen\u201c (wie es ein Teilnehmer ausdr\u00fcckte), herzhafte s\u00fcdtiroler Gerichte, unterschiedliche Aktivit\u00e4ten tags\u00fcber (wandern, Ski fahren, rodeln, \u00d6tzi besuchen, Gleitschirm fliegen) und abends (Brett- und Kartenspiele, Lieder mit Gitarrenbegleitung, Werwolf, Dart-Turnier), einfach nur \u201echillen\u201c, erholen, genie\u00dfen &#8230; Unser f\u00fcr das Wetter verantwortlicher \u201ePresidente al dente\u201c macht seit Jahren alles richtig und sorgte auch dieses Mal \u2013 von einem Tag abgesehen \u2013 f\u00fcr sonniges Wetter.<\/p>\n<p>Ist es die Mischung aus allen genannten und ungenannten Faktoren, die das Geheimnis dieser Freizeit ausmacht?<\/p>\n<p>Voraussichtlich kann der (Selbstkosten-) Preis f\u00fcr das n\u00e4chste Mal noch einmal gehalten werden (\u20ac 250 f\u00fcr Vollpension im Doppelzimmer). Wer also interessiert ist: TVE-Mitglieder k\u00f6nnen sich bis Mitte Mai anmelden. Der Zeitraum bleibt gleich: 27. 12. 2014 bis 02. 01. 2015.<\/p>\n<div>\n<dl>\n<dt><a href=\"https:\/\/www.tv-essingen.de\/wp-content\/uploads\/2013\/12\/DSCF41981.jpg\"><img loading=\"lazy\" decoding=\"async\" style=\"width: 862px; height: 647px;\" title=\"5 Wagemutige erkunden eine kilometerlange neue Rodelbahn\" src=\"https:\/\/www.tv-essingen.de\/wp-content\/uploads\/2013\/12\/DSCF41981.jpg\" alt=\"Vor dem Start - ob sie am Ende der neuen Rodelbahn noch so gut gelaunt sind?\" width=\"1024\" height=\"682\" \/><\/a><\/dt>\n<dd>5 Wagemutige erkunden eine kilometerlange neue Rodelbahn<\/dd>\n<\/dl>\n<\/div>\n<p>&nbsp;<\/p>\n<div>\n<dl id=\"attachment_330\">\n<dt><a href=\"https:\/\/www.tv-essingen.de\/wp-content\/uploads\/2013\/06\/WP_20131230_006.jpg\"><img loading=\"lazy\" decoding=\"async\" src=\"https:\/\/www.tv-essingen.de\/wp-content\/uploads\/2013\/06\/WP_20131230_006-168x300.jpg\" alt=\"Unterwegs_08_02_14\" width=\"168\" height=\"300\" \/><\/a><\/dt>\n<dd>Schneewanderer und Gipfelst\u00fcrmer<\/dd>\n<\/dl>\n<\/div>\n<p>&nbsp;<\/p>\n<p>&nbsp;<\/p>\n<p>&nbsp;<\/p>\n<p>&nbsp;<\/p>\n<p>&nbsp;<\/p>\n","protected":false},"excerpt":{"rendered":"<p>TVE-Winterfreizeit 2019: Besser geht es nicht Jeden Tag strahlender Sonnenschein, viel Schnee, eine harmonische Gruppe, \u2026 es hat alles gepasst und alle konnten ihre Vorstellungen verwirklichen: Die erholungsuchenden Sonnenanbeter, die Skifahrer, die Rodler, die Wanderer, die Dartspieler. Sch\u00f6n, dass es dieses Angebot immer noch gibt. Die Anmeldefristen f\u00fcr das n\u00e4chste Mal (gleicher Zeitraum, gleicher Preis): <span class=\"ellipsis\">&hellip;<\/span> <span class=\"more-link-wrap\"><a href=\"https:\/\/www.tv-essingen.de\/?page_id=754\" class=\"more-link\"><span>Read More &rarr;<\/span><\/a><\/span><\/p>\n","protected":false},"author":1,"featured_media":0,"parent":139,"menu_order":0,"comment_status":"closed","ping_status":"closed","template":"","meta":{"footnotes":""},"class_list":["post-754","page","type-page","status-publish","hentry"],"_links":{"self":[{"href":"https:\/\/www.tv-essingen.de\/index.php?rest_route=\/wp\/v2\/pages\/754","targetHints":{"allow":["GET"]}}],"collection":[{"href":"https:\/\/www.tv-essingen.de\/index.php?rest_route=\/wp\/v2\/pages"}],"about":[{"href":"https:\/\/www.tv-essingen.de\/index.php?rest_route=\/wp\/v2\/types\/page"}],"author":[{"embeddable":true,"href":"https:\/\/www.tv-essingen.de\/index.php?rest_route=\/wp\/v2\/users\/1"}],"replies":[{"embeddable":true,"href":"https:\/\/www.tv-essingen.de\/index.php?rest_route=%2Fwp%2Fv2%2Fcomments&post=754"}],"version-history":[{"count":27,"href":"https:\/\/www.tv-essingen.de\/index.php?rest_route=\/wp\/v2\/pages\/754\/revisions"}],"predecessor-version":[{"id":1577,"href":"https:\/\/www.tv-essingen.de\/index.php?rest_route=\/wp\/v2\/pages\/754\/revisions\/1577"}],"up":[{"embeddable":true,"href":"https:\/\/www.tv-essingen.de\/index.php?rest_route=\/wp\/v2\/pages\/139"}],"wp:attachment":[{"href":"https:\/\/www.tv-essingen.de\/index.php?rest_route=%2Fwp%2Fv2%2Fmedia&parent=754"}],"curies":[{"name":"wp","href":"https:\/\/api.w.org\/{rel}","templated":true}]}}