{"id":8,"date":"2025-11-09T15:00:36","date_gmt":"2025-11-09T13:00:36","guid":{"rendered":"http:\/\/www.tv-essingen.de\/?page_id=8"},"modified":"2025-11-09T17:25:49","modified_gmt":"2025-11-09T15:25:49","slug":"trainingszeiten","status":"publish","type":"page","link":"https:\/\/www.tv-essingen.de\/?page_id=8","title":{"rendered":"Angebote"},"content":{"rendered":"<p>Unsere Angebote im <a href=\"https:\/\/www.tv-essingen.de\/wp-content\/uploads\/2018\/02\/Angebote-2018.pdf\">\u00dcberblick:<\/a><\/p>\n<p><strong><u>Angebote f\u00fcr Kinder<\/u><\/strong><\/p>\n<p><strong>Turnen:<\/strong><\/p>\n<p><strong>Eltern-Kind-Turnen, Mittwoch 1500 &#8211; 16.00 Uhr und 16.00 &#8211; 17.00 Uhr, <\/strong>mit Christiane und Bianca<\/p>\n<p><strong>Kindergarten-Turnen, Dienstag 16.00-17.00 Uhr und 17.00-18.00 Uhr, <\/strong>mit Dorothee und Team<\/p>\n<ul>\n<li>Bitte den Aushang im Kindergarten beachten.<\/li>\n<\/ul>\n<p><strong>Schulkinder-Turnen, Montag 15.45-16.45 Uhr, <\/strong>mit Petra<\/p>\n<p><strong>Einradfahren, Dienstag 18.00-19.00 Uhr, <\/strong>mit Bianca, Franziska und Vanessa<\/p>\n<p><strong>Ballschule Essingen<\/strong><\/p>\n<p>Freitag, 14.30-15.30Uhr, Schwerpunkt Handball,<\/p>\n<p>Dalberghalle Essingen<\/p>\n<p><strong>Handball: <\/strong>Der TVE ist Mitglied der Handball-SG Landau-Land.<\/p>\n<p>&nbsp;<\/p>\n<p><strong><u>Angebote f\u00fcr Erwachsene:<\/u><\/strong><\/p>\n<p><strong>Frauengymnastik, Dienstag 20.00-21.00 Uhr, <\/strong>mit Inge<\/p>\n<p><strong>Aerobic, Montag 20.00-21.30 Uhr, <\/strong>mit Claudia, Maria und Franziska:<\/p>\n<p><strong>IGF, Mittwoch 19.30-22.00 Uhr:<\/strong><\/p>\n<p>In der IG Freizeitsport wird nach Gymnastik zum Aufw\u00e4rmen \u00fcberwiegend Volleyball gespielt. Au\u00dferdem gibt es eine j\u00e4hrliche Wochenendfahrt.<\/p>\n<p><strong>\u00a0<\/strong><\/p>\n<p><strong><u>Fahrten:<\/u><\/strong><\/p>\n<p><strong>Winterfreizeit<\/strong><\/p>\n<p>in L\u00fcsen\/S\u00fcdtirol, seit fast 30 Jahren immer vom 27.12.-02.01., mittlerweile zur Wander- und Wohlf\u00fchl-Freizeit geworden.<\/p>\n<p><strong>St\u00e4dtetour:<\/strong><\/p>\n<p>Ziel 2025 ist Bayreuth. Fester Bestandteil der Touren ist immer eine Stadtf\u00fchrung, die restliche Zeit kann in kleineren oder gr\u00f6\u00dferen Gruppen individuell genutzt werden.<\/p>\n<p><strong><u>Weitere Angebote:<\/u><\/strong><\/p>\n<p><strong>TVE-Treff<\/strong><\/p>\n<p>jeweils am 15. des Monats in unserer Vereinsgastst\u00e4tte &#8222;Olympia&#8220;, die M\u00f6glichkeit, sich mit alten und neuen Bekannten aus dem TVE zu treffen.<\/p>\n<p><strong>Nikolauswanderung<\/strong><\/p>\n<p>Die Nikolauswanderung f\u00fcr Kinder und Eltern geht seit 2018 ins Essinger Feld.<\/p>\n<p>&nbsp;<\/p>\n<p>&nbsp;<\/p>\n<p>&nbsp;<\/p>\n","protected":false},"excerpt":{"rendered":"<p>Unsere Angebote im \u00dcberblick: Angebote f\u00fcr Kinder Turnen: Eltern-Kind-Turnen, Mittwoch 1500 &#8211; 16.00 Uhr und 16.00 &#8211; 17.00 Uhr, mit Christiane und Bianca Kindergarten-Turnen, Dienstag 16.00-17.00 Uhr und 17.00-18.00 Uhr, mit Dorothee und Team Bitte den Aushang im Kindergarten beachten. Schulkinder-Turnen, Montag 15.45-16.45 Uhr, mit Petra Einradfahren, Dienstag 18.00-19.00 Uhr, mit Bianca, Franziska und Vanessa <span class=\"ellipsis\">&hellip;<\/span> <span class=\"more-link-wrap\"><a href=\"https:\/\/www.tv-essingen.de\/?page_id=8\" class=\"more-link\"><span>Read More &rarr;<\/span><\/a><\/span><\/p>\n","protected":false},"author":1,"featured_media":0,"parent":0,"menu_order":0,"comment_status":"closed","ping_status":"closed","template":"","meta":{"footnotes":""},"class_list":["post-8","page","type-page","status-publish","hentry"],"_links":{"self":[{"href":"https:\/\/www.tv-essingen.de\/index.php?rest_route=\/wp\/v2\/pages\/8","targetHints":{"allow":["GET"]}}],"collection":[{"href":"https:\/\/www.tv-essingen.de\/index.php?rest_route=\/wp\/v2\/pages"}],"about":[{"href":"https:\/\/www.tv-essingen.de\/index.php?rest_route=\/wp\/v2\/types\/page"}],"author":[{"embeddable":true,"href":"https:\/\/www.tv-essingen.de\/index.php?rest_route=\/wp\/v2\/users\/1"}],"replies":[{"embeddable":true,"href":"https:\/\/www.tv-essingen.de\/index.php?rest_route=%2Fwp%2Fv2%2Fcomments&post=8"}],"version-history":[{"count":39,"href":"https:\/\/www.tv-essingen.de\/index.php?rest_route=\/wp\/v2\/pages\/8\/revisions"}],"predecessor-version":[{"id":2224,"href":"https:\/\/www.tv-essingen.de\/index.php?rest_route=\/wp\/v2\/pages\/8\/revisions\/2224"}],"wp:attachment":[{"href":"https:\/\/www.tv-essingen.de\/index.php?rest_route=%2Fwp%2Fv2%2Fmedia&parent=8"}],"curies":[{"name":"wp","href":"https:\/\/api.w.org\/{rel}","templated":true}]}}